{"id":247,"date":"2020-01-31T18:18:59","date_gmt":"2020-01-31T18:18:59","guid":{"rendered":"https:\/\/2020.laspalmasgc.wordcamp.org\/?page_id=247"},"modified":"2020-02-07T12:34:44","modified_gmt":"2020-02-07T12:34:44","slug":"evento","status":"publish","type":"page","link":"https:\/\/laspalmasgc.wordcamp.org\/2020\/evento\/","title":{"rendered":"Evento"},"content":{"rendered":"\n<p>Una WordCamp es un congreso oficial de WordPress respaldado por su fundaci\u00f3n. Se realizan WordCamps a lo largo del mundo por comunidades locales, cumpliendo adem\u00e1s con est\u00e1ndares de alta calidad, tanto en contenido como en organizaci\u00f3n. El objetivo fundamental de las WordCamps es todo lo relacionado con WordPress, su ecosistema y su Comunidad.<\/p>\n\n\n\n<p>Y como no hay dos sin tres, <strong>\u00a1tercera edici\u00f3n de la WordCamp Las Palmas de Gran Canaria!<\/strong> <\/p>\n\n\n\n<p>Durante dos d\u00edas podr\u00e1s disfrutar de una gran cantidad de conocimiento, actividades y personas:<\/p>\n\n\n\n<ul class=\"wp-block-list\"><li>Viernes 20 de marzo por la tarde, Contributor Day. D\u00eda para contribuir con la Comunidad, aprendiendo y ayudando en las diferentes \u00e1reas que componen WordPress.<\/li><li>S\u00e1bado 21 de marzo, d\u00eda de charlas y talleres.<\/li><\/ul>\n\n\n\n<p>Todo ello sin olvidarnos de que lo m\u00e1s importante es pasarlo bien, y si no te lo crees \u00e9chale un vistazo a la <a rel=\"noreferrer noopener\" aria-label=\"edici\u00f3n de 2019 (abre en una nueva pesta\u00f1a)\" href=\"https:\/\/2019.laspalmasgc.wordcamp.org\/\" target=\"_blank\">edici\u00f3n de 2019<\/a> y juzga por ti mismo\/a. <\/p>\n\n\n\n<div class=\"wp-block-image\"><figure class=\"aligncenter size-full\"><img loading=\"lazy\" decoding=\"async\" width=\"2560\" height=\"586\" src=\"https:\/\/2020.laspalmasgc.wordcamp.org\/files\/2020\/02\/fotofamilia19-scaled.jpg\" alt=\"Foto de familia 2019\" class=\"wp-image-576\" srcset=\"https:\/\/laspalmasgc.wordcamp.org\/2020\/files\/2020\/02\/fotofamilia19-scaled.jpg 2560w, https:\/\/laspalmasgc.wordcamp.org\/2020\/files\/2020\/02\/fotofamilia19-300x69.jpg 300w, https:\/\/laspalmasgc.wordcamp.org\/2020\/files\/2020\/02\/fotofamilia19-1024x234.jpg 1024w, https:\/\/laspalmasgc.wordcamp.org\/2020\/files\/2020\/02\/fotofamilia19-768x176.jpg 768w, https:\/\/laspalmasgc.wordcamp.org\/2020\/files\/2020\/02\/fotofamilia19-500x115.jpg 500w, https:\/\/laspalmasgc.wordcamp.org\/2020\/files\/2020\/02\/fotofamilia19-1536x352.jpg 1536w, https:\/\/laspalmasgc.wordcamp.org\/2020\/files\/2020\/02\/fotofamilia19-2048x469.jpg 2048w, https:\/\/laspalmasgc.wordcamp.org\/2020\/files\/2020\/02\/fotofamilia19-1200x275.jpg 1200w, https:\/\/laspalmasgc.wordcamp.org\/2020\/files\/2020\/02\/fotofamilia19-1980x453.jpg 1980w\" sizes=\"auto, (max-width: 2560px) 100vw, 2560px\" \/><figcaption>Foto de familia de 2019, por Ernesto r. Ageitos<\/figcaption><\/figure><\/div>\n\n\n\n<p><\/p>\n","protected":false},"excerpt":{"rendered":"<p>Una WordCamp es un congreso oficial de WordPress respaldado por su fundaci\u00f3n. Se realizan WordCamps a lo largo del mundo por comunidades locales, cumpliendo adem\u00e1s con est\u00e1ndares de alta calidad, tanto en contenido como en organizaci\u00f3n. El objetivo fundamental de las WordCamps es todo lo relacionado con WordPress, su ecosistema y su Comunidad. Y como [&hellip;]<\/p>\n","protected":false},"author":15246982,"featured_media":0,"parent":0,"menu_order":0,"comment_status":"closed","ping_status":"closed","template":"templates\/template-full-width.php","meta":{"jetpack_post_was_ever_published":false,"footnotes":""},"class_list":["post-247","page","type-page","status-publish","hentry"],"jetpack_sharing_enabled":true,"_links":{"self":[{"href":"https:\/\/laspalmasgc.wordcamp.org\/2020\/wp-json\/wp\/v2\/pages\/247","targetHints":{"allow":["GET"]}}],"collection":[{"href":"https:\/\/laspalmasgc.wordcamp.org\/2020\/wp-json\/wp\/v2\/pages"}],"about":[{"href":"https:\/\/laspalmasgc.wordcamp.org\/2020\/wp-json\/wp\/v2\/types\/page"}],"author":[{"embeddable":true,"href":"https:\/\/laspalmasgc.wordcamp.org\/2020\/wp-json\/wp\/v2\/users\/15246982"}],"replies":[{"embeddable":true,"href":"https:\/\/laspalmasgc.wordcamp.org\/2020\/wp-json\/wp\/v2\/comments?post=247"}],"version-history":[{"count":6,"href":"https:\/\/laspalmasgc.wordcamp.org\/2020\/wp-json\/wp\/v2\/pages\/247\/revisions"}],"predecessor-version":[{"id":640,"href":"https:\/\/laspalmasgc.wordcamp.org\/2020\/wp-json\/wp\/v2\/pages\/247\/revisions\/640"}],"wp:attachment":[{"href":"https:\/\/laspalmasgc.wordcamp.org\/2020\/wp-json\/wp\/v2\/media?parent=247"}],"curies":[{"name":"wp","href":"https:\/\/api.w.org\/{rel}","templated":true}]}}