{"id":19,"date":"2019-11-14T10:18:30","date_gmt":"2019-11-14T10:18:30","guid":{"rendered":"https:\/\/2020.laspalmasgc.wordcamp.org\/code-of-conduct\/"},"modified":"2020-01-31T19:19:00","modified_gmt":"2020-01-31T19:19:00","slug":"codigo-de-conducta","status":"publish","type":"page","link":"https:\/\/laspalmasgc.wordcamp.org\/2020\/evento\/codigo-de-conducta\/","title":{"rendered":"C\u00f3digo de conducta"},"content":{"rendered":"\n<p>WordCamp Las Palmas de Gran Canaria 2020 cree en una comunidad abierta a todo el mundo. Como tal, nos comprometemos a proporcionar un ambiente amigable, seguro y acogedor para todas y todos; independientemente de su sexo, orientaci\u00f3n sexual, discapacidad, etnia, religi\u00f3n, sistema operativo preferido, lenguaje de programaci\u00f3n o editor de texto.<\/p>\n\n\n\n<p>Este c\u00f3digo de conducta resume nuestras expectativas para el comportamiento de quienes participan en WordCamp Las Palmas de Gran Canaria 2020, as\u00ed como las consecuencias para el comportamiento inaceptable.<\/p>\n\n\n\n<p>Os instamos a colaborar y poner vuestro granito de arena para tener una experiencia de evento segura y agradable.<\/p>\n\n\n\n<h2 class=\"wp-block-heading\">Ciudadan\u00eda responsable<\/h2>\n\n\n\n<p>Como objetivos adicionales, pretendemos incrementar la responsabilidad en un ciudadan\u00eda concienciada con el c\u00f3digo abierto y el medio ambiente, alentando a todas y todos a reconocer y fortalecer las relaciones entre lo que hacemos y la comunidad en general.<\/p>\n\n\n\n<p>En el servicio de estos objetivos, los organizadores de WordCamp Las Palmas de Gran Canaria 2020 recoger\u00e1n candidaturas de participantes ejemplares a lo largo de todo el evento, dando su reconocimiento en esta web.<\/p>\n\n\n\n<p>Si ves a alguien que est\u00e1 haciendo un esfuerzo extra para asegurar que nuestra comunidad resulte acogedora, amable, y que anima a todos los participantes a contribuir en la mayor medida posible, lo queremos saber. Puedes nominar a alguien en la mesa de registro o dici\u00e9ndolo a alg\u00fan miembro de la organizaci\u00f3n.<\/p>\n\n\n\n<h2 class=\"wp-block-heading\">Comportamiento esperado<\/h2>\n\n\n\n<ul class=\"wp-block-list\"><li>Ser una persona considerada, respetuosa y colaborativa.<\/li><li>Abstenerse de un comportamiento degradante, discriminatorio o de acoso.<\/li><li>Ser consciente del entorno y del resto de participantes. Alerta a cualquier miembro de la organizaci\u00f3n si observas una situaci\u00f3n peligrosa o alguien en apuros.<\/li><li>Participa de una manera aut\u00e9ntica y activa. Al hacerlo, est\u00e1s ayudando a WordCamp Las Palmas de Gran Canaria 2020 y la haces tuya.<\/li><\/ul>\n\n\n\n<h2 class=\"wp-block-heading\">Comportamiento inaceptable<\/h2>\n\n\n\n<p>Como comportamientos inaceptables se incluyen: intimidaci\u00f3n, acoso, abuso, conducta discriminatoria, despectiva o degradante. El lugar donde se realiza WordCamp Las Palmas de Gran Canaria 2020 es un lugar emblem\u00e1tico y puede ser compartido con otros visitantes; por favor, se respetuoso con todas aquellas personas que visiten este lugar y con el propio entorno.<\/p>\n\n\n\n<p>El acoso incluye: comentarios verbales ofensivos relacionados con el g\u00e9nero, la orientaci\u00f3n sexual, la raza, la religi\u00f3n, la discapacidad; el uso inadecuado de desnudez y\/o im\u00e1genes sexuales en espacios p\u00fablicos (incluyendo diapositivas de la presentaci\u00f3n); intimidaci\u00f3n deliberada, acecho o acosar con fotograf\u00eda o grabaci\u00f3n; interrupci\u00f3n sostenida de charlas y otras actividades; contacto f\u00edsico inapropiado y atenci\u00f3n sexual no deseada.<\/p>\n\n\n\n<h2 class=\"wp-block-heading\">Consecuencias de un comportamiento inaceptable<\/h2>\n\n\n\n<p>El comportamiento inaceptable no ser\u00e1 tolerado. Se espera que cualquiera responda adecuadamente y de forma inmediata en caso de que se le llame la atenci\u00f3n por un comportamiento inaceptable.<\/p>\n\n\n\n<p>Si un participante se involucra en una conducta inaceptable, los organizadores del evento pueden tomar cualquier acci\u00f3n que consideren apropiada, inclusive la expulsi\u00f3n del evento sin previo aviso o reembolso.<\/p>\n\n\n\n<h2 class=\"wp-block-heading\"> \u00bfQu\u00e9 hacer si eres testigo u objeto de un comportamiento inaceptable? <\/h2>\n\n\n\n<p>Si est\u00e1s involucrado en un comportamiento inaceptable, eres testigo de otra persona con dicho comportamiento o tienes otras preocupaciones; por favor, avisa a un organizador tan pronto como sea posible.<\/p>\n\n\n\n<p>El equipo de WordCamp Las Palmas de Gran Canaria 2020 estar\u00e1 disponible para ayudar a ponerse en contacto con la seguridad local o para ofrecer cualquier tipo de ayuda a quienes experimenten un comportamiento inaceptable.<\/p>\n\n\n\n<p>Durante el evento, el equipo de organizaci\u00f3n y de voluntarios vestir\u00e1n diferente al resto de asistentes. Tambi\u00e9n puedes acercarte a la mesa de registro en el vest\u00edbulo y preguntar por los organizadores.<\/p>\n\n\n\n<h2 class=\"wp-block-heading\">\u00c1mbito de aplicaci\u00f3n<\/h2>\n\n\n\n<p>Esperamos que todas y todos los participantes del evento (patrocinadores, equipo voluntario, ponentes, asistentes y cualquier otra persona involucrada en el evento) cumplan con el c\u00f3digo de conducta en todas las salas de conferencias y actividades relacionadas con WordCamp Las Palmas de Gran Canaria 2020.<\/p>\n\n\n\n<h2 class=\"wp-block-heading\">Informaci\u00f3n de contacto<\/h2>\n\n\n\n<p>Si te ves en la necesidad de contactar con nosotros,&nbsp;<a href=\"https:\/\/2020.laspalmasgc.wordcamp.org\/contacto\/\">esta p\u00e1gina<\/a>&nbsp;tiene toda la informaci\u00f3n necesaria.<\/p>\n\n\n\n<h2 class=\"wp-block-heading\">Licencia y atribuci\u00f3n<\/h2>\n\n\n\n<p>Este c\u00f3digo de conducta es una adaptaci\u00f3n directa del impresionante trabajo del Open Source Bridge. El original est\u00e1 disponible en<br><a href=\"http:\/\/opensourcebridge.org\/about\/code-of-conduct\/\" target=\"_blank\" rel=\"noreferrer noopener\" aria-label=\" (abre en una nueva pesta\u00f1a)\">http:\/\/opensourcebridge.org\/about\/code-of-conduct\/<\/a>&nbsp;y est\u00e1 liberado bajo una&nbsp;<a href=\"http:\/\/creativecommons.org\/licenses\/by-sa\/3.0\/\" target=\"_blank\" rel=\"noreferrer noopener\" aria-label=\" (abre en una nueva pesta\u00f1a)\">Licencia de Creative Commons Attribution-ShareAlike.<\/a><\/p>\n","protected":false},"excerpt":{"rendered":"<p>WordCamp Las Palmas de Gran Canaria 2020 cree en una comunidad abierta a todo el mundo. Como tal, nos comprometemos a proporcionar un ambiente amigable, seguro y acogedor para todas y todos; independientemente de su sexo, orientaci\u00f3n sexual, discapacidad, etnia, religi\u00f3n, sistema operativo preferido, lenguaje de programaci\u00f3n o editor de texto. Este c\u00f3digo de conducta [&hellip;]<\/p>\n","protected":false},"author":15973829,"featured_media":0,"parent":247,"menu_order":0,"comment_status":"closed","ping_status":"closed","template":"templates\/template-full-width.php","meta":{"jetpack_post_was_ever_published":false,"footnotes":""},"class_list":["post-19","page","type-page","status-publish","hentry"],"jetpack_sharing_enabled":true,"_links":{"self":[{"href":"https:\/\/laspalmasgc.wordcamp.org\/2020\/wp-json\/wp\/v2\/pages\/19","targetHints":{"allow":["GET"]}}],"collection":[{"href":"https:\/\/laspalmasgc.wordcamp.org\/2020\/wp-json\/wp\/v2\/pages"}],"about":[{"href":"https:\/\/laspalmasgc.wordcamp.org\/2020\/wp-json\/wp\/v2\/types\/page"}],"author":[{"embeddable":true,"href":"https:\/\/laspalmasgc.wordcamp.org\/2020\/wp-json\/wp\/v2\/users\/15973829"}],"replies":[{"embeddable":true,"href":"https:\/\/laspalmasgc.wordcamp.org\/2020\/wp-json\/wp\/v2\/comments?post=19"}],"version-history":[{"count":6,"href":"https:\/\/laspalmasgc.wordcamp.org\/2020\/wp-json\/wp\/v2\/pages\/19\/revisions"}],"predecessor-version":[{"id":296,"href":"https:\/\/laspalmasgc.wordcamp.org\/2020\/wp-json\/wp\/v2\/pages\/19\/revisions\/296"}],"up":[{"embeddable":true,"href":"https:\/\/laspalmasgc.wordcamp.org\/2020\/wp-json\/wp\/v2\/pages\/247"}],"wp:attachment":[{"href":"https:\/\/laspalmasgc.wordcamp.org\/2020\/wp-json\/wp\/v2\/media?parent=19"}],"curies":[{"name":"wp","href":"https:\/\/api.w.org\/{rel}","templated":true}]}}