{"id":11,"date":"2019-11-14T10:18:30","date_gmt":"2019-11-14T10:18:30","guid":{"rendered":"https:\/\/2020.laspalmasgc.wordcamp.org\/location\/"},"modified":"2020-02-19T19:32:24","modified_gmt":"2020-02-19T19:32:24","slug":"ubicacion","status":"publish","type":"page","link":"https:\/\/laspalmasgc.wordcamp.org\/2020\/evento\/ubicacion\/","title":{"rendered":"Ubicaci\u00f3n"},"content":{"rendered":"\n<p>Si una cosa funciona, para qu\u00e9 cambiarla, \u00a1repetimos ubicaci\u00f3n en #WCLasPalmasGC! Se celebrar\u00e1 en dos entornos \u00fanicos de <a href=\"http:\/\/lpavisit.com\/es\/\">Las Palmas de Gran Canaria<\/a>: el Centro Demostrador TIC para la Innovaci\u00f3n Tur\u00edstica y el Museo Elder de la Ciencia y la Tecnolog\u00eda. Dos ubicaciones separadas a 10 minutos en coche y con transporte p\u00fablico disponible a todas horas.<\/p>\n\n\n\n<div class=\"googlemaps\">\n\t\t\t\t<iframe loading=\"lazy\" width=\"640\" height=\"480\" frameborder=\"0\" scrolling=\"no\" marginheight=\"0\" marginwidth=\"0\"  src=\"https:\/\/www.google.com\/maps\/d\/embed?mid=1yMuH8OKF5giMTMxaiES0VuNwveH-bo3W\"><\/iframe>\n\t\t\t<\/div>\n\n\n\n<h2 class=\"wp-block-heading\" id=\"cdtic\">Centro Demostrador TIC para la Innovaci\u00f3n Tur\u00edstica  <\/h2>\n\n\n\n<div class=\"wp-block-media-text alignwide is-stacked-on-mobile\"><figure class=\"wp-block-media-text__media\"><img loading=\"lazy\" decoding=\"async\" width=\"1024\" height=\"768\" src=\"https:\/\/2020.laspalmasgc.wordcamp.org\/files\/2020\/02\/cdtic-1024x768.jpg\" alt=\"Centro Demostrador TIC para la Innovaci\u00f3n Tur\u00edstica\" class=\"wp-image-383\" srcset=\"https:\/\/laspalmasgc.wordcamp.org\/2020\/files\/2020\/02\/cdtic-1024x768.jpg 1024w, https:\/\/laspalmasgc.wordcamp.org\/2020\/files\/2020\/02\/cdtic-300x225.jpg 300w, https:\/\/laspalmasgc.wordcamp.org\/2020\/files\/2020\/02\/cdtic-768x576.jpg 768w, https:\/\/laspalmasgc.wordcamp.org\/2020\/files\/2020\/02\/cdtic-400x300.jpg 400w, https:\/\/laspalmasgc.wordcamp.org\/2020\/files\/2020\/02\/cdtic-1536x1152.jpg 1536w, https:\/\/laspalmasgc.wordcamp.org\/2020\/files\/2020\/02\/cdtic-2048x1536.jpg 2048w, https:\/\/laspalmasgc.wordcamp.org\/2020\/files\/2020\/02\/cdtic-1200x900.jpg 1200w, https:\/\/laspalmasgc.wordcamp.org\/2020\/files\/2020\/02\/cdtic-1980x1485.jpg 1980w\" sizes=\"auto, (max-width: 1024px) 100vw, 1024px\" \/><\/figure><div class=\"wp-block-media-text__content\">\n<p class=\"has-normal-font-size\">En el edificio CDTIC, a cargo de la <a href=\"https:\/\/www.spegc.org\/\" target=\"_blank\" rel=\"noreferrer noopener nofollow\">SPEGC<\/a>,  en INFECAR, el <strong>viernes 20 de marzo <\/strong>comenzar\u00e1 la tercera edici\u00f3n de la  WordCamp Las Palmas de Gran Canaria. Sus aulas y sala principal est\u00e1n  preparadas para acoger charlas y talleres. Este es el lugar en el que  mensualmente tienen lugar las Meetups del grupo de <a rel=\"noreferrer noopener\" href=\"https:\/\/www.wplpa.es\/\" target=\"_blank\">WordPress Las Palmas de Gran Canaria<\/a>.<\/p>\n\n\n\n<p><a rel=\"noreferrer noopener\" href=\"http:\/\/www.infecar.es\/index.php?option=com_k2&amp;view=item&amp;layout=item&amp;id=361&amp;Itemid=928\" target=\"_blank\">C\u00f3mo llegar al CDTIC<\/a><\/p>\n<\/div><\/div>\n\n\n\n<h2 class=\"wp-block-heading\" id=\"elder\">Museo Elder de la Ciencia y la Tecnolog\u00eda <\/h2>\n\n\n\n<div class=\"wp-block-media-text alignwide has-media-on-the-right is-stacked-on-mobile\"><figure class=\"wp-block-media-text__media\"><img loading=\"lazy\" decoding=\"async\" width=\"1024\" height=\"683\" src=\"https:\/\/2020.laspalmasgc.wordcamp.org\/files\/2020\/02\/museoelder-1024x683.jpg\" alt=\"Museo Elder de la Ciencia y la Tecnolog\u00eda\" class=\"wp-image-593\" srcset=\"https:\/\/laspalmasgc.wordcamp.org\/2020\/files\/2020\/02\/museoelder-1024x683.jpg 1024w, https:\/\/laspalmasgc.wordcamp.org\/2020\/files\/2020\/02\/museoelder-300x200.jpg 300w, https:\/\/laspalmasgc.wordcamp.org\/2020\/files\/2020\/02\/museoelder-768x512.jpg 768w, https:\/\/laspalmasgc.wordcamp.org\/2020\/files\/2020\/02\/museoelder-450x300.jpg 450w, https:\/\/laspalmasgc.wordcamp.org\/2020\/files\/2020\/02\/museoelder-1536x1024.jpg 1536w, https:\/\/laspalmasgc.wordcamp.org\/2020\/files\/2020\/02\/museoelder-2048x1365.jpg 2048w, https:\/\/laspalmasgc.wordcamp.org\/2020\/files\/2020\/02\/museoelder-1200x800.jpg 1200w, https:\/\/laspalmasgc.wordcamp.org\/2020\/files\/2020\/02\/museoelder-1980x1320.jpg 1980w\" sizes=\"auto, (max-width: 1024px) 100vw, 1024px\" \/><\/figure><div class=\"wp-block-media-text__content\">\n<p class=\"has-normal-font-size\"><a rel=\"noreferrer noopener\" href=\"http:\/\/www.museoelder.org\/\" target=\"_blank\">El Museo Elder de la Ciencia y la Tecnolog\u00eda<\/a>,  situado en pleno centro de la capital isle\u00f1a acoger\u00e1 el d\u00eda principal  de esta tercera edici\u00f3n de la WordCamp, el <strong>s\u00e1bado 21 de marzo<\/strong>. Un lugar  destinado a la divulgaci\u00f3n cient\u00edfica que acoge en sus cuatros plantas  multitud de actividades y exposiciones con el objetivo de acercar la  ciencia a todos los p\u00fablicos. <\/p>\n\n\n\n<p><a rel=\"noreferrer noopener\" href=\"https:\/\/moovitapp.com\/index\/es\/transporte_p%C3%BAblico-Museo_Elder_De_La_Ciencia_Y_La_Tecnolog%C3%ADa-Gran_Canaria-site_14515826-2782\" target=\"_blank\">C\u00f3mo llegar al Museo Elder<\/a><\/p>\n<\/div><\/div>\n\n\n\n<p><\/p>\n\n\n\n<p>\u00a1Te esperamos en Las Palmas de Gran Canaria!<\/p>\n","protected":false},"excerpt":{"rendered":"<p>Si una cosa funciona, para qu\u00e9 cambiarla, \u00a1repetimos ubicaci\u00f3n en #WCLasPalmasGC! Se celebrar\u00e1 en dos entornos \u00fanicos de Las Palmas de Gran Canaria: el Centro Demostrador TIC para la Innovaci\u00f3n Tur\u00edstica y el Museo Elder de la Ciencia y la Tecnolog\u00eda. Dos ubicaciones separadas a 10 minutos en coche y con transporte p\u00fablico disponible a [&hellip;]<\/p>\n","protected":false},"author":15973829,"featured_media":0,"parent":247,"menu_order":0,"comment_status":"closed","ping_status":"closed","template":"templates\/template-full-width.php","meta":{"jetpack_post_was_ever_published":false,"footnotes":""},"class_list":["post-11","page","type-page","status-publish","hentry"],"jetpack_sharing_enabled":true,"_links":{"self":[{"href":"https:\/\/laspalmasgc.wordcamp.org\/2020\/wp-json\/wp\/v2\/pages\/11","targetHints":{"allow":["GET"]}}],"collection":[{"href":"https:\/\/laspalmasgc.wordcamp.org\/2020\/wp-json\/wp\/v2\/pages"}],"about":[{"href":"https:\/\/laspalmasgc.wordcamp.org\/2020\/wp-json\/wp\/v2\/types\/page"}],"author":[{"embeddable":true,"href":"https:\/\/laspalmasgc.wordcamp.org\/2020\/wp-json\/wp\/v2\/users\/15973829"}],"replies":[{"embeddable":true,"href":"https:\/\/laspalmasgc.wordcamp.org\/2020\/wp-json\/wp\/v2\/comments?post=11"}],"version-history":[{"count":18,"href":"https:\/\/laspalmasgc.wordcamp.org\/2020\/wp-json\/wp\/v2\/pages\/11\/revisions"}],"predecessor-version":[{"id":832,"href":"https:\/\/laspalmasgc.wordcamp.org\/2020\/wp-json\/wp\/v2\/pages\/11\/revisions\/832"}],"up":[{"embeddable":true,"href":"https:\/\/laspalmasgc.wordcamp.org\/2020\/wp-json\/wp\/v2\/pages\/247"}],"wp:attachment":[{"href":"https:\/\/laspalmasgc.wordcamp.org\/2020\/wp-json\/wp\/v2\/media?parent=11"}],"curies":[{"name":"wp","href":"https:\/\/api.w.org\/{rel}","templated":true}]}}