{"id":10,"date":"2019-11-14T10:18:30","date_gmt":"2019-11-14T10:18:30","guid":{"rendered":"https:\/\/2020.laspalmasgc.wordcamp.org\/sponsors\/"},"modified":"2020-03-06T11:01:54","modified_gmt":"2020-03-06T11:01:54","slug":"patrocinadores","status":"publish","type":"page","link":"https:\/\/laspalmasgc.wordcamp.org\/2020\/evento\/patrocinadores\/","title":{"rendered":"Patrocinadores"},"content":{"rendered":"\n<h2 class=\"titulo_patrocinadores wp-block-heading\">Oro<\/h2>\n\n\n<ul class=\"wordcamp-block wordcamp-post-list has-layout-grid wordcamp-sponsors patrocinadores has-grid-columns-3\"><li class=\"wordcamp-post-list__post wordcamp-clearfix\">\n<div class=\"wordcamp-sponsor wordcamp-sponsors__post slug-jetpack\">\n\t\n\t\t\t<div class=\"wordcamp-image__featured-image-container wordcamp-sponsors__featured-image wordcamp-sponsors__logo align-none\"><a href=\"https:\/\/laspalmasgc.wordcamp.org\/2020\/sponsor\/jetpack\/\" class=\"wordcamp-image__featured-image-link\"><img loading=\"lazy\" decoding=\"async\" width=\"298\" height=\"82\" src=\"https:\/\/laspalmasgc.wordcamp.org\/2020\/files\/2020\/02\/jetpack-300x82.png\" class=\"wordcamp-image__featured-image wp-post-image\" alt=\"El logo de Jetpack\" srcset=\"https:\/\/laspalmasgc.wordcamp.org\/2020\/files\/2020\/02\/jetpack-300x82.png 300w, https:\/\/laspalmasgc.wordcamp.org\/2020\/files\/2020\/02\/jetpack.png 500w\" sizes=\"auto, (max-width: 298px) 100vw, 298px\" \/><\/a><\/div>\t\n\t<\/div>\n\n<\/li><li class=\"wordcamp-post-list__post wordcamp-clearfix\">\n<div class=\"wordcamp-sponsor wordcamp-sponsors__post slug-siteground\">\n\t\n\t\t\t<div class=\"wordcamp-image__featured-image-container wordcamp-sponsors__featured-image wordcamp-sponsors__logo align-none\"><a href=\"https:\/\/laspalmasgc.wordcamp.org\/2020\/sponsor\/siteground\/\" class=\"wordcamp-image__featured-image-link\"><img loading=\"lazy\" decoding=\"async\" width=\"300\" height=\"84\" src=\"https:\/\/laspalmasgc.wordcamp.org\/2020\/files\/2020\/02\/Web-color-black-transparent-300x84.png\" class=\"wordcamp-image__featured-image wp-post-image\" alt=\"El logo de SiteGround\" srcset=\"https:\/\/laspalmasgc.wordcamp.org\/2020\/files\/2020\/02\/Web-color-black-transparent-300x84.png 300w, https:\/\/laspalmasgc.wordcamp.org\/2020\/files\/2020\/02\/Web-color-black-transparent-1024x288.png 1024w, https:\/\/laspalmasgc.wordcamp.org\/2020\/files\/2020\/02\/Web-color-black-transparent-768x216.png 768w, https:\/\/laspalmasgc.wordcamp.org\/2020\/files\/2020\/02\/Web-color-black-transparent-500x141.png 500w, https:\/\/laspalmasgc.wordcamp.org\/2020\/files\/2020\/02\/Web-color-black-transparent-1200x338.png 1200w, https:\/\/laspalmasgc.wordcamp.org\/2020\/files\/2020\/02\/Web-color-black-transparent.png 1280w\" sizes=\"auto, (max-width: 300px) 100vw, 300px\" \/><\/a><\/div>\t\n\t<\/div>\n\n<\/li><li class=\"wordcamp-post-list__post wordcamp-clearfix\">\n<div class=\"wordcamp-sponsor wordcamp-sponsors__post slug-spegc\">\n\t\n\t\t\t<div class=\"wordcamp-image__featured-image-container wordcamp-sponsors__featured-image wordcamp-sponsors__logo align-none\"><a href=\"https:\/\/laspalmasgc.wordcamp.org\/2020\/sponsor\/spegc\/\" class=\"wordcamp-image__featured-image-link\"><img loading=\"lazy\" decoding=\"async\" width=\"300\" height=\"212\" src=\"https:\/\/laspalmasgc.wordcamp.org\/2020\/files\/2020\/02\/spegc_logo-300x212.jpg\" class=\"wordcamp-image__featured-image wp-post-image\" alt=\"El logo de la SPEGC\" srcset=\"https:\/\/laspalmasgc.wordcamp.org\/2020\/files\/2020\/02\/spegc_logo-300x212.jpg 300w, https:\/\/laspalmasgc.wordcamp.org\/2020\/files\/2020\/02\/spegc_logo-768x544.jpg 768w, https:\/\/laspalmasgc.wordcamp.org\/2020\/files\/2020\/02\/spegc_logo-424x300.jpg 424w, https:\/\/laspalmasgc.wordcamp.org\/2020\/files\/2020\/02\/spegc_logo.jpg 842w\" sizes=\"auto, (max-width: 300px) 100vw, 300px\" \/><\/a><\/div>\t\n\t<\/div>\n\n<\/li><li class=\"wordcamp-post-list__post wordcamp-clearfix\">\n<div class=\"wordcamp-sponsor wordcamp-sponsors__post slug-woocommerce\">\n\t\n\t\t\t<div class=\"wordcamp-image__featured-image-container wordcamp-sponsors__featured-image wordcamp-sponsors__logo align-none\"><a href=\"https:\/\/laspalmasgc.wordcamp.org\/2020\/sponsor\/woocommerce\/\" class=\"wordcamp-image__featured-image-link\"><img loading=\"lazy\" decoding=\"async\" width=\"300\" height=\"82\" src=\"https:\/\/laspalmasgc.wordcamp.org\/2020\/files\/2020\/02\/woocommerce-300x82.png\" class=\"wordcamp-image__featured-image wp-post-image\" alt=\"El logo de WooCommerce\" srcset=\"https:\/\/laspalmasgc.wordcamp.org\/2020\/files\/2020\/02\/woocommerce-300x82.png 300w, https:\/\/laspalmasgc.wordcamp.org\/2020\/files\/2020\/02\/woocommerce.png 498w\" sizes=\"auto, (max-width: 300px) 100vw, 300px\" \/><\/a><\/div>\t\n\t<\/div>\n\n<\/li><\/ul>\n\n\n<h2 class=\"titulo_patrocinadores wp-block-heading\">Plata<\/h2>\n\n\n<ul class=\"wordcamp-block wordcamp-post-list has-layout-grid wordcamp-sponsors patrocinadores has-grid-columns-4\"><li class=\"wordcamp-post-list__post wordcamp-clearfix\">\n<div class=\"wordcamp-sponsor wordcamp-sponsors__post slug-bluehost\">\n\t\n\t\t\t<div class=\"wordcamp-image__featured-image-container wordcamp-sponsors__featured-image wordcamp-sponsors__logo align-none\"><a href=\"https:\/\/laspalmasgc.wordcamp.org\/2020\/sponsor\/bluehost\/\" class=\"wordcamp-image__featured-image-link\"><img loading=\"lazy\" decoding=\"async\" width=\"300\" height=\"63\" src=\"https:\/\/laspalmasgc.wordcamp.org\/2020\/files\/2020\/02\/bluehost-300x63.png\" class=\"wordcamp-image__featured-image wp-post-image\" alt=\"El logo de bluehost\" srcset=\"https:\/\/laspalmasgc.wordcamp.org\/2020\/files\/2020\/02\/bluehost-300x63.png 300w, https:\/\/laspalmasgc.wordcamp.org\/2020\/files\/2020\/02\/bluehost-500x105.png 500w, https:\/\/laspalmasgc.wordcamp.org\/2020\/files\/2020\/02\/bluehost.png 646w\" sizes=\"auto, (max-width: 300px) 100vw, 300px\" \/><\/a><\/div>\t\n\t<\/div>\n\n<\/li><li class=\"wordcamp-post-list__post wordcamp-clearfix\">\n<div class=\"wordcamp-sponsor wordcamp-sponsors__post slug-dinahosting\">\n\t\n\t\t\t<div class=\"wordcamp-image__featured-image-container wordcamp-sponsors__featured-image wordcamp-sponsors__logo align-none\"><a href=\"https:\/\/laspalmasgc.wordcamp.org\/2020\/sponsor\/dinahosting\/\" class=\"wordcamp-image__featured-image-link\"><img loading=\"lazy\" decoding=\"async\" width=\"300\" height=\"66\" src=\"https:\/\/laspalmasgc.wordcamp.org\/2020\/files\/2020\/02\/logo-color-grande-300x66.jpg\" class=\"wordcamp-image__featured-image wp-post-image\" alt=\"El logo de dinahosting\" srcset=\"https:\/\/laspalmasgc.wordcamp.org\/2020\/files\/2020\/02\/logo-color-grande-300x66.jpg 300w, https:\/\/laspalmasgc.wordcamp.org\/2020\/files\/2020\/02\/logo-color-grande-768x169.jpg 768w, https:\/\/laspalmasgc.wordcamp.org\/2020\/files\/2020\/02\/logo-color-grande-500x110.jpg 500w, https:\/\/laspalmasgc.wordcamp.org\/2020\/files\/2020\/02\/logo-color-grande.jpg 935w\" sizes=\"auto, (max-width: 300px) 100vw, 300px\" \/><\/a><\/div>\t\n\t<\/div>\n\n<\/li><li class=\"wordcamp-post-list__post wordcamp-clearfix\">\n<div class=\"wordcamp-sponsor wordcamp-sponsors__post slug-godaddy\">\n\t\n\t\t\t<div class=\"wordcamp-image__featured-image-container wordcamp-sponsors__featured-image wordcamp-sponsors__logo align-none\"><a href=\"https:\/\/laspalmasgc.wordcamp.org\/2020\/sponsor\/godaddy\/\" class=\"wordcamp-image__featured-image-link\"><img loading=\"lazy\" decoding=\"async\" width=\"300\" height=\"75\" src=\"https:\/\/laspalmasgc.wordcamp.org\/2020\/files\/2020\/02\/godaddy_logo-300x75.png\" class=\"wordcamp-image__featured-image wp-post-image\" alt=\"El logo de GoDaddy\" srcset=\"https:\/\/laspalmasgc.wordcamp.org\/2020\/files\/2020\/02\/godaddy_logo-300x75.png 300w, https:\/\/laspalmasgc.wordcamp.org\/2020\/files\/2020\/02\/godaddy_logo-1024x258.png 1024w, https:\/\/laspalmasgc.wordcamp.org\/2020\/files\/2020\/02\/godaddy_logo-768x193.png 768w, https:\/\/laspalmasgc.wordcamp.org\/2020\/files\/2020\/02\/godaddy_logo-500x126.png 500w, https:\/\/laspalmasgc.wordcamp.org\/2020\/files\/2020\/02\/godaddy_logo-1536x386.png 1536w, https:\/\/laspalmasgc.wordcamp.org\/2020\/files\/2020\/02\/godaddy_logo-2048x515.png 2048w, https:\/\/laspalmasgc.wordcamp.org\/2020\/files\/2020\/02\/godaddy_logo-1200x302.png 1200w, https:\/\/laspalmasgc.wordcamp.org\/2020\/files\/2020\/02\/godaddy_logo-1980x498.png 1980w\" sizes=\"auto, (max-width: 300px) 100vw, 300px\" \/><\/a><\/div>\t\n\t<\/div>\n\n<\/li><li class=\"wordcamp-post-list__post wordcamp-clearfix\">\n<div class=\"wordcamp-sponsor wordcamp-sponsors__post slug-weglot\">\n\t\n\t\t\t<div class=\"wordcamp-image__featured-image-container wordcamp-sponsors__featured-image wordcamp-sponsors__logo align-none\"><a href=\"https:\/\/laspalmasgc.wordcamp.org\/2020\/sponsor\/weglot\/\" class=\"wordcamp-image__featured-image-link\"><img loading=\"lazy\" decoding=\"async\" width=\"300\" height=\"59\" src=\"https:\/\/laspalmasgc.wordcamp.org\/2020\/files\/2020\/02\/blue-logo-300x59.png\" class=\"wordcamp-image__featured-image wp-post-image\" alt=\"El logo de Weglot\" srcset=\"https:\/\/laspalmasgc.wordcamp.org\/2020\/files\/2020\/02\/blue-logo-300x59.png 300w, https:\/\/laspalmasgc.wordcamp.org\/2020\/files\/2020\/02\/blue-logo-1024x201.png 1024w, https:\/\/laspalmasgc.wordcamp.org\/2020\/files\/2020\/02\/blue-logo-768x151.png 768w, https:\/\/laspalmasgc.wordcamp.org\/2020\/files\/2020\/02\/blue-logo-500x98.png 500w, https:\/\/laspalmasgc.wordcamp.org\/2020\/files\/2020\/02\/blue-logo-1536x302.png 1536w, https:\/\/laspalmasgc.wordcamp.org\/2020\/files\/2020\/02\/blue-logo-1200x236.png 1200w, https:\/\/laspalmasgc.wordcamp.org\/2020\/files\/2020\/02\/blue-logo.png 1668w\" sizes=\"auto, (max-width: 300px) 100vw, 300px\" \/><\/a><\/div>\t\n\t<\/div>\n\n<\/li><li class=\"wordcamp-post-list__post wordcamp-clearfix\">\n<div class=\"wordcamp-sponsor wordcamp-sponsors__post slug-yith\">\n\t\n\t\t\t<div class=\"wordcamp-image__featured-image-container wordcamp-sponsors__featured-image wordcamp-sponsors__logo align-none\"><a href=\"https:\/\/laspalmasgc.wordcamp.org\/2020\/sponsor\/yith\/\" class=\"wordcamp-image__featured-image-link\"><img loading=\"lazy\" decoding=\"async\" width=\"298\" height=\"205\" src=\"https:\/\/laspalmasgc.wordcamp.org\/2020\/files\/2020\/02\/logo_yith-300x205.png\" class=\"wordcamp-image__featured-image wp-post-image\" alt=\"El logo de Yith\" \/><\/a><\/div>\t\n\t<\/div>\n\n<\/li><\/ul>\n\n\n<h2 class=\"titulo_patrocinadores wp-block-heading\">Bronce<\/h2>\n\n\n<ul class=\"wordcamp-block wordcamp-post-list has-layout-grid wordcamp-sponsors patrocinadores has-grid-columns-4\"><li class=\"wordcamp-post-list__post wordcamp-clearfix\">\n<div class=\"wordcamp-sponsor wordcamp-sponsors__post slug-arsys\">\n\t\n\t\t\t<div class=\"wordcamp-image__featured-image-container wordcamp-sponsors__featured-image wordcamp-sponsors__logo align-none\"><a href=\"https:\/\/laspalmasgc.wordcamp.org\/2020\/sponsor\/arsys\/\" class=\"wordcamp-image__featured-image-link\"><img loading=\"lazy\" decoding=\"async\" width=\"300\" height=\"83\" src=\"https:\/\/laspalmasgc.wordcamp.org\/2020\/files\/2020\/02\/arsys-300x83-1.jpg\" class=\"wordcamp-image__featured-image wp-post-image\" alt=\"El logo de Arsys\" \/><\/a><\/div>\t\n\t<\/div>\n\n<\/li><li class=\"wordcamp-post-list__post wordcamp-clearfix\">\n<div class=\"wordcamp-sponsor wordcamp-sponsors__post slug-nemesys\">\n\t\n\t\t\t<div class=\"wordcamp-image__featured-image-container wordcamp-sponsors__featured-image wordcamp-sponsors__logo align-none\"><a href=\"https:\/\/laspalmasgc.wordcamp.org\/2020\/sponsor\/nemesys\/\" class=\"wordcamp-image__featured-image-link\"><img loading=\"lazy\" decoding=\"async\" width=\"300\" height=\"240\" src=\"https:\/\/laspalmasgc.wordcamp.org\/2020\/files\/2020\/02\/logo_nemesys-300x240.png\" class=\"wordcamp-image__featured-image wp-post-image\" alt=\"El logo de NemeSys 2.0\" srcset=\"https:\/\/laspalmasgc.wordcamp.org\/2020\/files\/2020\/02\/logo_nemesys-300x240.png 300w, https:\/\/laspalmasgc.wordcamp.org\/2020\/files\/2020\/02\/logo_nemesys-375x300.png 375w, https:\/\/laspalmasgc.wordcamp.org\/2020\/files\/2020\/02\/logo_nemesys.png 500w\" sizes=\"auto, (max-width: 300px) 100vw, 300px\" \/><\/a><\/div>\t\n\t<\/div>\n\n<\/li><li class=\"wordcamp-post-list__post wordcamp-clearfix\">\n<div class=\"wordcamp-sponsor wordcamp-sponsors__post slug-webempresa\">\n\t\n\t\t\t<div class=\"wordcamp-image__featured-image-container wordcamp-sponsors__featured-image wordcamp-sponsors__logo align-none\"><a href=\"https:\/\/laspalmasgc.wordcamp.org\/2020\/sponsor\/webempresa\/\" class=\"wordcamp-image__featured-image-link\"><img loading=\"lazy\" decoding=\"async\" width=\"294\" height=\"49\" src=\"https:\/\/laspalmasgc.wordcamp.org\/2020\/files\/2020\/03\/webempresa-2020-300x49.png\" class=\"wordcamp-image__featured-image wp-post-image\" alt=\"El logo de webempresa\" srcset=\"https:\/\/laspalmasgc.wordcamp.org\/2020\/files\/2020\/03\/webempresa-2020-300x49.png 300w, https:\/\/laspalmasgc.wordcamp.org\/2020\/files\/2020\/03\/webempresa-2020.png 340w\" sizes=\"auto, (max-width: 294px) 100vw, 294px\" \/><\/a><\/div>\t\n\t<\/div>\n\n<\/li><\/ul>\n\n\n<div style=\"height:50px\" aria-hidden=\"true\" class=\"wp-block-spacer\"><\/div>\n\n\n\n<h2 class=\"has-text-align-center wp-block-heading\">Colaboradores<\/h2>\n\n\n\n<div class=\"wp-block-columns are-vertically-aligned-center is-layout-flex wp-container-core-columns-is-layout-9d6595d7 wp-block-columns-is-layout-flex\">\n<div class=\"wp-block-column is-vertically-aligned-center is-layout-flow wp-block-column-is-layout-flow\">\n<div class=\"wp-block-image\"><figure class=\"aligncenter size-large\"><a href=\"https:\/\/www.cocacola.es\/es\/home\/\" target=\"_blank\" rel=\"noopener noreferrer\"><img loading=\"lazy\" decoding=\"async\" width=\"800\" height=\"600\" src=\"https:\/\/2020.laspalmasgc.wordcamp.org\/files\/2020\/02\/logo_coca_cola.png\" alt=\"El logo de Coca-Cola\" class=\"wp-image-1156\" srcset=\"https:\/\/laspalmasgc.wordcamp.org\/2020\/files\/2020\/02\/logo_coca_cola.png 800w, https:\/\/laspalmasgc.wordcamp.org\/2020\/files\/2020\/02\/logo_coca_cola-300x225.png 300w, https:\/\/laspalmasgc.wordcamp.org\/2020\/files\/2020\/02\/logo_coca_cola-768x576.png 768w, https:\/\/laspalmasgc.wordcamp.org\/2020\/files\/2020\/02\/logo_coca_cola-400x300.png 400w\" sizes=\"auto, (max-width: 800px) 100vw, 800px\" \/><\/a><\/figure><\/div>\n<\/div>\n\n\n\n<div class=\"wp-block-column is-vertically-aligned-center is-layout-flow wp-block-column-is-layout-flow\">\n<div class=\"wp-block-image\"><figure class=\"aligncenter size-large\"><a href=\"https:\/\/2020.laspalmasgc.wordcamp.org\/sponsor\/desafio-digital\"><img loading=\"lazy\" decoding=\"async\" width=\"578\" height=\"136\" src=\"https:\/\/2020.laspalmasgc.wordcamp.org\/files\/2020\/02\/desafiodigital.png\" alt=\"El logo de desaf\u00edo digital\" class=\"wp-image-557\" srcset=\"https:\/\/laspalmasgc.wordcamp.org\/2020\/files\/2020\/02\/desafiodigital.png 578w, https:\/\/laspalmasgc.wordcamp.org\/2020\/files\/2020\/02\/desafiodigital-300x71.png 300w, https:\/\/laspalmasgc.wordcamp.org\/2020\/files\/2020\/02\/desafiodigital-500x118.png 500w\" sizes=\"auto, (max-width: 578px) 100vw, 578px\" \/><\/a><\/figure><\/div>\n<\/div>\n\n\n\n<div class=\"wp-block-column is-vertically-aligned-center is-layout-flow wp-block-column-is-layout-flow\">\n<div class=\"wp-block-image\"><figure class=\"aligncenter size-large\"><a href=\"http:\/\/stickermule.com\/supports\/wclaspalmas20-sponsorship\" target=\"_blank\" rel=\"noopener noreferrer\"><img loading=\"lazy\" decoding=\"async\" width=\"1024\" height=\"1024\" src=\"https:\/\/2020.laspalmasgc.wordcamp.org\/files\/2020\/03\/Logo-transparent-1024x1024.png\" alt=\"El logo de stickermule\" class=\"wp-image-1242\" srcset=\"https:\/\/laspalmasgc.wordcamp.org\/2020\/files\/2020\/03\/Logo-transparent-1024x1024.png 1024w, https:\/\/laspalmasgc.wordcamp.org\/2020\/files\/2020\/03\/Logo-transparent-300x300.png 300w, https:\/\/laspalmasgc.wordcamp.org\/2020\/files\/2020\/03\/Logo-transparent-150x150.png 150w, https:\/\/laspalmasgc.wordcamp.org\/2020\/files\/2020\/03\/Logo-transparent-768x768.png 768w, https:\/\/laspalmasgc.wordcamp.org\/2020\/files\/2020\/03\/Logo-transparent-1536x1536.png 1536w, https:\/\/laspalmasgc.wordcamp.org\/2020\/files\/2020\/03\/Logo-transparent-2048x2048.png 2048w, https:\/\/laspalmasgc.wordcamp.org\/2020\/files\/2020\/03\/Logo-transparent-1200x1200.png 1200w, https:\/\/laspalmasgc.wordcamp.org\/2020\/files\/2020\/03\/Logo-transparent-1980x1980.png 1980w\" sizes=\"auto, (max-width: 1024px) 100vw, 1024px\" \/><\/a><\/figure><\/div>\n<\/div>\n\n\n\n<div class=\"wp-block-column is-vertically-aligned-center is-layout-flow wp-block-column-is-layout-flow\"><\/div>\n<\/div>\n\n\n\n<div style=\"height:50px\" aria-hidden=\"true\" class=\"wp-block-spacer\"><\/div>\n\n\n\n<p>T\u00fa tambi\u00e9n puedes patrocinar o colaborar con la #WCLasPalmasGC y ser parte de su tercera edici\u00f3n: <a href=\"https:\/\/2020.laspalmasgc.wordcamp.org\/llamada-a-patrocinadores\">llamada a patrocinadores<\/a>. <\/p>\n","protected":false},"excerpt":{"rendered":"<p>Oro Plata Bronce Colaboradores T\u00fa tambi\u00e9n puedes patrocinar o colaborar con la #WCLasPalmasGC y ser parte de su tercera edici\u00f3n: llamada a patrocinadores.<\/p>\n","protected":false},"author":15973829,"featured_media":0,"parent":247,"menu_order":0,"comment_status":"closed","ping_status":"closed","template":"templates\/template-full-width.php","meta":{"jetpack_post_was_ever_published":false,"footnotes":""},"class_list":["post-10","page","type-page","status-publish","hentry"],"jetpack_sharing_enabled":true,"_links":{"self":[{"href":"https:\/\/laspalmasgc.wordcamp.org\/2020\/wp-json\/wp\/v2\/pages\/10","targetHints":{"allow":["GET"]}}],"collection":[{"href":"https:\/\/laspalmasgc.wordcamp.org\/2020\/wp-json\/wp\/v2\/pages"}],"about":[{"href":"https:\/\/laspalmasgc.wordcamp.org\/2020\/wp-json\/wp\/v2\/types\/page"}],"author":[{"embeddable":true,"href":"https:\/\/laspalmasgc.wordcamp.org\/2020\/wp-json\/wp\/v2\/users\/15973829"}],"replies":[{"embeddable":true,"href":"https:\/\/laspalmasgc.wordcamp.org\/2020\/wp-json\/wp\/v2\/comments?post=10"}],"version-history":[{"count":21,"href":"https:\/\/laspalmasgc.wordcamp.org\/2020\/wp-json\/wp\/v2\/pages\/10\/revisions"}],"predecessor-version":[{"id":1259,"href":"https:\/\/laspalmasgc.wordcamp.org\/2020\/wp-json\/wp\/v2\/pages\/10\/revisions\/1259"}],"up":[{"embeddable":true,"href":"https:\/\/laspalmasgc.wordcamp.org\/2020\/wp-json\/wp\/v2\/pages\/247"}],"wp:attachment":[{"href":"https:\/\/laspalmasgc.wordcamp.org\/2020\/wp-json\/wp\/v2\/media?parent=10"}],"curies":[{"name":"wp","href":"https:\/\/api.w.org\/{rel}","templated":true}]}}