{"id":492,"date":"2018-09-03T12:45:43","date_gmt":"2018-09-03T11:45:43","guid":{"rendered":"https:\/\/2019.laspalmasgc.wordcamp.org\/?page_id=492"},"modified":"2019-01-15T10:26:07","modified_gmt":"2019-01-15T09:26:07","slug":"ubicacion-location","status":"publish","type":"page","link":"https:\/\/laspalmasgc.wordcamp.org\/2019\/ubicacion-location\/","title":{"rendered":"Ubicaci\u00f3n \/ Location"},"content":{"rendered":"\n<p>\u00a1Este a\u00f1o a\u00f1adimos una localizaci\u00f3n m\u00e1s a la #WCLasPalmasGC! Se celebrar\u00e1 en dos entornos \u00fanicos de<a href=\"http:\/\/lpavisit.com\/es\/\"> Las Palmas de Gran Canaria<\/a>: el Centro Demostrador TIC para la Innovaci\u00f3n Tur\u00edstica y el Museo Elder de la Ciencia y la Tecnolog\u00eda. Dos ubicaciones separadas a 10 minutos en coche y con transporte p\u00fablico disponible a todas horas.<\/p>\n\n\n\n<h2 class=\"wp-block-heading\"><strong>El viernes, 8 de febrero: Centro Demostrador TIC para la Innovaci\u00f3n Tur\u00edstica <\/strong><\/h2>\n\n\n\n<div class=\"wp-block-image\"><figure class=\"aligncenter\"><img loading=\"lazy\" decoding=\"async\" width=\"1024\" height=\"768\" src=\"https:\/\/2019.laspalmasgc.wordcamp.org\/files\/2019\/01\/meetup_wordpress_lpgc-1024x768.jpg\" alt=\"Meetup de WordPress Las Palmas de Gran Canaria\" class=\"wp-image-1484\" srcset=\"https:\/\/laspalmasgc.wordcamp.org\/2019\/files\/2019\/01\/meetup_wordpress_lpgc-1024x768.jpg 1024w, https:\/\/laspalmasgc.wordcamp.org\/2019\/files\/2019\/01\/meetup_wordpress_lpgc-150x113.jpg 150w, https:\/\/laspalmasgc.wordcamp.org\/2019\/files\/2019\/01\/meetup_wordpress_lpgc-300x225.jpg 300w, https:\/\/laspalmasgc.wordcamp.org\/2019\/files\/2019\/01\/meetup_wordpress_lpgc-768x576.jpg 768w, https:\/\/laspalmasgc.wordcamp.org\/2019\/files\/2019\/01\/meetup_wordpress_lpgc-400x300.jpg 400w, https:\/\/laspalmasgc.wordcamp.org\/2019\/files\/2019\/01\/meetup_wordpress_lpgc.jpg 1728w\" sizes=\"auto, (max-width: 767px) 89vw, (max-width: 1000px) 54vw, (max-width: 1071px) 543px, 580px\" \/><\/figure><\/div>\n\n\n\n<p>En el edificio<a rel=\"noreferrer noopener\" aria-label=\" (opens in a new tab)\" href=\"https:\/\/www.cdticturismo.com\/formacion-y-eventos\/\" target=\"_blank\"> CDTIC<\/a>, a cargo de la<a aria-label=\" (opens in a new tab)\" href=\"https:\/\/www.spegc.org\" target=\"_blank\" rel=\"noreferrer noopener nofollow\"> SPEGC<\/a>, en INFECAR, el viernes 8 de febrero comenzar\u00e1 la segunda edici\u00f3n de la WordCamp Las Palmas de Gran Canaria. Sus aulas y sala principal est\u00e1n preparadas para acoger charlas y talleres. Este es el lugar en el que mensualmente tienen lugar las Meetups del grupo de<a rel=\"noreferrer noopener\" aria-label=\" (opens in a new tab)\" href=\"https:\/\/www.meetup.com\/es-ES\/WordPress-Las-Palmas-de-Gran-Canaria\/\" target=\"_blank\"> WordPress Las Palmas de Gran Canaria<\/a>.<\/p>\n\n\n\n<p><a href=\"http:\/\/www.infecar.es\/index.php?option=com_k2&amp;view=item&amp;layout=item&amp;id=361&amp;Itemid=928\" target=\"_blank\" rel=\"noreferrer noopener\" aria-label=\"C\u00f3mo llegar al CDTIC (opens in a new tab)\">C\u00f3mo llegar al CDTIC<\/a><\/p>\n\n\n\n<h2 class=\"wp-block-heading\"><strong>El s\u00e1bado, 9 de febrero: Museo Elder de la Ciencia y la Tecnolog\u00eda<\/strong><\/h2>\n\n\n\n<div class=\"wp-block-image\"><figure class=\"aligncenter\"><img loading=\"lazy\" decoding=\"async\" width=\"600\" height=\"395\" src=\"https:\/\/2019.laspalmasgc.wordcamp.org\/files\/2018\/09\/museo_elder.jpg\" alt=\"Museo Elder de la Ciencia y la Tecnolog\u00eda\" class=\"wp-image-656\" srcset=\"https:\/\/laspalmasgc.wordcamp.org\/2019\/files\/2018\/09\/museo_elder.jpg 600w, https:\/\/laspalmasgc.wordcamp.org\/2019\/files\/2018\/09\/museo_elder-150x99.jpg 150w, https:\/\/laspalmasgc.wordcamp.org\/2019\/files\/2018\/09\/museo_elder-300x198.jpg 300w, https:\/\/laspalmasgc.wordcamp.org\/2019\/files\/2018\/09\/museo_elder-456x300.jpg 456w\" sizes=\"auto, (max-width: 600px) 100vw, 600px\" \/><\/figure><\/div>\n\n\n\n<p><a href=\"http:\/\/www.museoelder.org\/\" target=\"_blank\" rel=\"noreferrer noopener\" aria-label=\" (opens in a new tab)\">El Museo Elder de la Ciencia y la Tecnolog\u00eda<\/a>, situado en pleno centro de la capital isle\u00f1a acoger\u00e1 el d\u00eda principal de esta segunda edici\u00f3n de la WordCamp el d\u00eda 9 de febrero. Un lugar destinado a la divulgaci\u00f3n cient\u00edfica que acoge en sus cuatros plantas multitud de actividades y exposiciones con el objetivo de acercar la ciencia a todos los p\u00fablicos. Dispondremos de dos grandes tracks para las charlas de nuestr@s especialistas internacionales, as\u00ed como un gran espacio para los patrocinadores y una terraza para el catering y momentos de relax.<\/p>\n\n\n\n<p><a href=\"https:\/\/moovitapp.com\/index\/es\/transporte_p%C3%BAblico-Museo_Elder_De_La_Ciencia_Y_La_Tecnolog%C3%ADa-Gran_Canaria-site_14515826-2782\" target=\"_blank\" rel=\"noreferrer noopener\" aria-label=\" (opens in a new tab)\">C\u00f3mo llegar al Museo Elder<\/a><\/p>\n\n\n\n<p>\u00a1Te esperamos en Las Palmas de Gran Canaria!<\/p>\n\n\n\n<hr class=\"wp-block-separator\" \/>\n\n\n\n<p>This year we&#8217;ve added a new location to the #WCLasPalmasGC! It will be held in two unique environments of<a rel=\"noreferrer noopener\" aria-label=\" (opens in a new tab)\" href=\"http:\/\/lpavisit.com\/es\/\" target=\"_blank\"> Las Palmas de Gran Canaria<\/a>: ICT Demonstration Centre for Innovation in Tourism and Elder Museum of Science and Technology. Two separate locations 10 minutes away by car and with public transport available at all hours.<\/p>\n\n\n\n<h2 class=\"wp-block-heading\"><strong>Friday, February 8th: ICT Demonstration Centre for Innovation in Tourism<\/strong><\/h2>\n\n\n\n<div class=\"wp-block-image\"><figure class=\"aligncenter\"><img loading=\"lazy\" decoding=\"async\" width=\"1024\" height=\"768\" src=\"https:\/\/2019.laspalmasgc.wordcamp.org\/files\/2019\/01\/meetup_wordpress_lpgc-1024x768.jpg\" alt=\"Meetup de WordPress Las Palmas de Gran Canaria\" class=\"wp-image-1484\" srcset=\"https:\/\/laspalmasgc.wordcamp.org\/2019\/files\/2019\/01\/meetup_wordpress_lpgc-1024x768.jpg 1024w, https:\/\/laspalmasgc.wordcamp.org\/2019\/files\/2019\/01\/meetup_wordpress_lpgc-150x113.jpg 150w, https:\/\/laspalmasgc.wordcamp.org\/2019\/files\/2019\/01\/meetup_wordpress_lpgc-300x225.jpg 300w, https:\/\/laspalmasgc.wordcamp.org\/2019\/files\/2019\/01\/meetup_wordpress_lpgc-768x576.jpg 768w, https:\/\/laspalmasgc.wordcamp.org\/2019\/files\/2019\/01\/meetup_wordpress_lpgc-400x300.jpg 400w, https:\/\/laspalmasgc.wordcamp.org\/2019\/files\/2019\/01\/meetup_wordpress_lpgc.jpg 1728w\" sizes=\"auto, (max-width: 767px) 89vw, (max-width: 1000px) 54vw, (max-width: 1071px) 543px, 580px\" \/><\/figure><\/div>\n\n\n\n<p>In the<a rel=\"noreferrer noopener\" aria-label=\" (opens in a new tab)\" href=\"https:\/\/www.cdticturismo.com\/formacion-y-eventos\/\" target=\"_blank\"> CDTIC<\/a> building, managed by the<a aria-label=\" (opens in a new tab)\" href=\"https:\/\/www.spegc.org\/en\/\" target=\"_blank\" rel=\"noreferrer noopener nofollow\"> SPEGC<\/a>, in INFECAR, on Friday February 8th, will held WordCamp Las Palmas de Gran Canaria&#8217;s second edition. Its classrooms and main hall are specially prepared to host talks and workshops. This is the place where we currently celebrate our<a rel=\"noreferrer noopener\" aria-label=\" (opens in a new tab)\" href=\"https:\/\/www.meetup.com\/es-ES\/WordPress-Las-Palmas-de-Gran-Canaria\/\" target=\"_blank\"> WordPress Las Palmas de Gran Canaria&#8217;s Meetup<\/a> meetings in a monthly basis.<\/p>\n\n\n\n<p><a href=\"http:\/\/www.infecar.es\/index.php?option=com_k2&amp;view=item&amp;layout=item&amp;id=361&amp;Itemid=928\" target=\"_blank\" rel=\"noreferrer noopener\" aria-label=\" (opens in a new tab)\">How to get the CDTIC<\/a><\/p>\n\n\n\n<h2 class=\"wp-block-heading\"><strong>Saturday, February 9th: Elder Museum of Science and Technology<\/strong><\/h2>\n\n\n\n<div class=\"wp-block-image\"><figure class=\"aligncenter\"><img loading=\"lazy\" decoding=\"async\" width=\"600\" height=\"395\" src=\"https:\/\/2019.laspalmasgc.wordcamp.org\/files\/2018\/09\/museo_elder.jpg\" alt=\"Museo Elder de la Ciencia y la Tecnolog\u00eda\" class=\"wp-image-656\" srcset=\"https:\/\/laspalmasgc.wordcamp.org\/2019\/files\/2018\/09\/museo_elder.jpg 600w, https:\/\/laspalmasgc.wordcamp.org\/2019\/files\/2018\/09\/museo_elder-150x99.jpg 150w, https:\/\/laspalmasgc.wordcamp.org\/2019\/files\/2018\/09\/museo_elder-300x198.jpg 300w, https:\/\/laspalmasgc.wordcamp.org\/2019\/files\/2018\/09\/museo_elder-456x300.jpg 456w\" sizes=\"auto, (max-width: 600px) 100vw, 600px\" \/><\/figure><\/div>\n\n\n\n<p><a href=\"http:\/\/lpavisit.com\/en\/activities\/attractions\/734-museo-elder-de-la-ciencia-y-la-tecnologia\" target=\"_blank\">The Elder Museum of Science and Technology<\/a>, located in the center of the island capital, will host the main day of this second edition of our WordCamp on February 9th. A place for scientific divulgation that hosts in its four floors a big number of activities and exhibitions, with the aim of bringing science to all audiences. We will have two great tracks for the talks of our national and international specialists, as well as a large hall for sponsors, and a sunny terrace for our catering and for getting some moments of relax.<\/p>\n\n\n\n<p><a href=\"https:\/\/moovitapp.com\/index\/en\/public_transit-Museo_Elder_De_La_Ciencia_Y_La_Tecnolog%C3%ADa-Gran_Canaria-site_14515826-2782\" target=\"_blank\">How to get the Elder Museum<\/a><\/p>\n\n\n\n<p>We are waiting for you at Las Palmas de Gran Canaria!<br><\/p>\n","protected":false},"excerpt":{"rendered":"<p>\u00a1Este a\u00f1o a\u00f1adimos una localizaci\u00f3n m\u00e1s a la #WCLasPalmasGC! Se celebrar\u00e1 en dos entornos \u00fanicos de Las Palmas de Gran Canaria: el Centro Demostrador TIC para la Innovaci\u00f3n Tur\u00edstica y el Museo Elder de la Ciencia y la Tecnolog\u00eda. Dos ubicaciones separadas a 10 minutos en coche y con transporte p\u00fablico disponible a todas horas. &hellip; <\/p>\n<p class=\"link-more\"><a href=\"https:\/\/laspalmasgc.wordcamp.org\/2019\/ubicacion-location\/\" class=\"more-link\">Continuar leyendo<span class=\"screen-reader-text\"> \u00abUbicaci\u00f3n \/ Location\u00bb<\/span><\/a><\/p>\n","protected":false},"author":15246982,"featured_media":0,"parent":0,"menu_order":0,"comment_status":"closed","ping_status":"closed","template":"","meta":{"jetpack_post_was_ever_published":false,"footnotes":""},"class_list":["post-492","page","type-page","status-publish","hentry"],"jetpack_sharing_enabled":true,"jetpack_shortlink":"https:\/\/wp.me\/Pab3ws-7W","_links":{"self":[{"href":"https:\/\/laspalmasgc.wordcamp.org\/2019\/wp-json\/wp\/v2\/pages\/492","targetHints":{"allow":["GET"]}}],"collection":[{"href":"https:\/\/laspalmasgc.wordcamp.org\/2019\/wp-json\/wp\/v2\/pages"}],"about":[{"href":"https:\/\/laspalmasgc.wordcamp.org\/2019\/wp-json\/wp\/v2\/types\/page"}],"author":[{"embeddable":true,"href":"https:\/\/laspalmasgc.wordcamp.org\/2019\/wp-json\/wp\/v2\/users\/15246982"}],"replies":[{"embeddable":true,"href":"https:\/\/laspalmasgc.wordcamp.org\/2019\/wp-json\/wp\/v2\/comments?post=492"}],"version-history":[{"count":13,"href":"https:\/\/laspalmasgc.wordcamp.org\/2019\/wp-json\/wp\/v2\/pages\/492\/revisions"}],"predecessor-version":[{"id":1490,"href":"https:\/\/laspalmasgc.wordcamp.org\/2019\/wp-json\/wp\/v2\/pages\/492\/revisions\/1490"}],"wp:attachment":[{"href":"https:\/\/laspalmasgc.wordcamp.org\/2019\/wp-json\/wp\/v2\/media?parent=492"}],"curies":[{"name":"wp","href":"https:\/\/api.w.org\/{rel}","templated":true}]}}