{"id":130,"date":"2018-08-24T11:42:59","date_gmt":"2018-08-24T10:42:59","guid":{"rendered":"https:\/\/2019.laspalmasgc.wordcamp.org\/?page_id=130"},"modified":"2019-02-15T08:25:13","modified_gmt":"2019-02-15T07:25:13","slug":"inicio","status":"publish","type":"page","link":"https:\/\/laspalmasgc.wordcamp.org\/2019\/","title":{"rendered":"Inicio \/ Home"},"content":{"rendered":"\n&nbsp;\n&nbsp;\n<div class=\"row cajas-inicio\">\n<div class=\"col-xs-12 col-sm-4 caja\" align=\"center\">\n<a href=\"\/noticias-news\/\">\n<i class=\"icon-bookmark\" style=\"font-size:60px\"><\/i> <p><\/p>\n<h2>Noticias<\/h2>\n<h5>News<\/h5>\n<\/a><p><a href=\"\/noticias-news\/\"><\/a>\n<\/p>\n<\/div>\n<div class=\"col-xs-12 col-sm-4 caja\" align=\"center\">\n<a href=\"\/ubicacion-location\/\"><i class=\"icon-map-marker\" style=\"font-size:60px\"><\/i> <p><\/p>\n<h2>Ubicaci\u00f3n<\/h2>\n<h5>Location<\/h5>\n<\/a><p><a href=\"\/ubicacion-location\/\"><\/a>\n<\/p><\/div>\n<div class=\"col-xs-12 col-sm-4 caja\" align=\"center\">\n<a href=\"\/programa-schedule\/\"><i class=\"icon-calendar\" style=\"font-size:60px\"><\/i> <p><\/p>\n<h2>Programa<\/h2>\n<h5>Schedule<\/h5>\n<\/a><p><a href=\"\/programa-schedule\/\"><\/a>\n<\/p><\/div>\n<\/div>\n&nbsp;\n\n\n\n<p>Una WordCamp es un congreso oficial de WordPress respaldado por su fundaci\u00f3n. Se realizan WordCamps a lo largo del mundo por comunidades locales, cumpliendo adem\u00e1s con est\u00e1ndares de alta calidad, tanto en contenido como en organizaci\u00f3n. El objetivo fundamental de las WordCamps es todo lo relacionado con WordPress, su ecosistema y comunidad: usuarios, programadores, editores, dise\u00f1adores, y un largo etc\u00e9tera. Charlas, debates, talleres, ideas, networking, una gran cantidad de conocimiento y actividades durante un fin de semana.<\/p>\n\n\n\n<p>En esta segunda edici\u00f3n en Las Palmas de Gran Canaria, juntamos un destino paradisiaco que a\u00fana todas las bondades para ser sede de este evento, por su clima ideal, su calidad de vida, as\u00ed como la existencia de grandes profesionales y expertos; con unas excelentes instalaciones y con la experiencia de un equipo que organiza este evento por segundo a\u00f1o consecutivo gracias en parte al \u00e9xito del a\u00f1o anterior, y al deseo de hacer crecer la comunidad WordPress en Gran Canaria.<\/p>\n\n\n\n<h1 class=\"wp-block-heading\" style=\"text-align:center\"><a href=\"\/por-que-tienes-que-venir-why-you-should-come\/\">\u00bfPor qu\u00e9 tienes que venir?<\/a><\/h1>\n\n\n\n<hr class=\"wp-block-separator\" \/>\n\n\n\n<p>A WordCamp is an official WordPress congress supported by its foundation. WordCamps are performed all around the world by local communities, also complying with high quality standards, both in content and organization. The main objective of the WordCamps is everything related to WordPress, its ecosystem and community: users, programmers, editors, designers, and many more. Talks, panels, workshops, ideas, networking, a lot of knowledge and activities during a weekend.<\/p>\n\n\n\n<p>In this second edition in Las Palmas de Gran Canaria, we set together a paradisiac destination that has all the reasons to host this event, for its ideal weather, its quality of life, as well as the existence of great professionals and experts; with excellent facilities and the experience of a team that organizes this event for the second year in a row, thanks in part to the success of the previous year, and the desire to grow the WordPress community in Gran Canaria.<\/p>\n\n\n\n<h1 class=\"wp-block-heading\" style=\"text-align:center\"><a href=\"\/por-que-tienes-que-venir-why-you-should-come\/\">Why you should come?<\/a><\/h1>\n\n\n\n<div class=\"wp-block-image\"><figure class=\"aligncenter\" style=\"margin:0 auto\"><img decoding=\"async\" src=\"https:\/\/2019.laspalmasgc.wordcamp.org\/files\/2018\/09\/wcgrancanarias2018_foto_familia.jpg\" alt=\"Foto de familia de la WordCamp Gran Canaria 2018\"><\/figure><\/div>\n","protected":false},"excerpt":{"rendered":"<p>&nbsp; &nbsp; Noticias News Ubicaci\u00f3n Location Programa Schedule &nbsp; Una WordCamp es un congreso oficial de WordPress respaldado por su fundaci\u00f3n. Se realizan WordCamps a lo largo del mundo por comunidades locales, cumpliendo adem\u00e1s con est\u00e1ndares de alta calidad, tanto en contenido como en organizaci\u00f3n. El objetivo fundamental de las WordCamps es todo lo relacionado &hellip; <\/p>\n<p class=\"link-more\"><a href=\"https:\/\/laspalmasgc.wordcamp.org\/2019\/\" class=\"more-link\">Continuar leyendo<span class=\"screen-reader-text\"> \u00abInicio \/ Home\u00bb<\/span><\/a><\/p>\n","protected":false},"author":15256388,"featured_media":0,"parent":0,"menu_order":0,"comment_status":"closed","ping_status":"closed","template":"","meta":{"jetpack_post_was_ever_published":false,"footnotes":""},"class_list":["post-130","page","type-page","status-publish","hentry"],"jetpack_sharing_enabled":true,"jetpack_shortlink":"https:\/\/wp.me\/Pab3ws-26","_links":{"self":[{"href":"https:\/\/laspalmasgc.wordcamp.org\/2019\/wp-json\/wp\/v2\/pages\/130","targetHints":{"allow":["GET"]}}],"collection":[{"href":"https:\/\/laspalmasgc.wordcamp.org\/2019\/wp-json\/wp\/v2\/pages"}],"about":[{"href":"https:\/\/laspalmasgc.wordcamp.org\/2019\/wp-json\/wp\/v2\/types\/page"}],"author":[{"embeddable":true,"href":"https:\/\/laspalmasgc.wordcamp.org\/2019\/wp-json\/wp\/v2\/users\/15256388"}],"replies":[{"embeddable":true,"href":"https:\/\/laspalmasgc.wordcamp.org\/2019\/wp-json\/wp\/v2\/comments?post=130"}],"version-history":[{"count":84,"href":"https:\/\/laspalmasgc.wordcamp.org\/2019\/wp-json\/wp\/v2\/pages\/130\/revisions"}],"predecessor-version":[{"id":2140,"href":"https:\/\/laspalmasgc.wordcamp.org\/2019\/wp-json\/wp\/v2\/pages\/130\/revisions\/2140"}],"wp:attachment":[{"href":"https:\/\/laspalmasgc.wordcamp.org\/2019\/wp-json\/wp\/v2\/media?parent=130"}],"curies":[{"name":"wp","href":"https:\/\/api.w.org\/{rel}","templated":true}]}}